{"id":4463,"date":"2018-02-03T16:15:54","date_gmt":"2018-02-03T16:15:54","guid":{"rendered":"http:\/\/pa-cycling.cc\/terms-conditions\/"},"modified":"2020-04-20T09:17:49","modified_gmt":"2020-04-20T09:17:49","slug":"terms-conditions","status":"publish","type":"page","link":"https:\/\/pa-cycling.cc\/es\/terms-conditions\/","title":{"rendered":"Terms &#038; Conditions"},"content":{"rendered":"\n<style type=\"text\/css\" data-created_by=\"avia_inline_auto\" id=\"style-css-av-k989fnt9-e9e22ab1bcc529e44b7ade7fc0a31ae2\">\n#top .av-special-heading.av-k989fnt9-e9e22ab1bcc529e44b7ade7fc0a31ae2{\nmargin:0 0 35px 0;\npadding-bottom:15px;\n}\nbody .av-special-heading.av-k989fnt9-e9e22ab1bcc529e44b7ade7fc0a31ae2 .av-special-heading-tag .heading-char{\nfont-size:25px;\n}\n.av-special-heading.av-k989fnt9-e9e22ab1bcc529e44b7ade7fc0a31ae2 .av-subheading{\nfont-size:15px;\n}\n<\/style>\n<div  class='av-special-heading av-k989fnt9-e9e22ab1bcc529e44b7ade7fc0a31ae2 av-special-heading-h1 blockquote modern-quote  avia-builder-el-0  el_before_av_textblock  avia-builder-el-first '><h1 class='av-special-heading-tag '  itemprop=\"headline\"  >T\u00c9RMINOS Y CONDICIONES<\/h1><div class=\"special-heading-border\"><div class=\"special-heading-inner-border\"><\/div><\/div><\/div>\n<section  class='av_textblock_section av-k87mio4q-df608e1bdc876dfdb535d7ba58eddc8e '   itemscope=\"itemscope\" itemtype=\"https:\/\/schema.org\/CreativeWork\" ><div class='avia_textblock'  itemprop=\"text\" ><p><main class=\"template-page content av-content-full alpha units\" role=\"main\"><strong>Estos t\u00e9rminos y condiciones rigen el uso de la p\u00e1gina web que esta agencia de viajes ofrece a sus usuarios. Su uso implica la aceptaci\u00f3n de todos los t\u00e9rminos y condiciones contenidos en este apartado comprometi\u00e9ndose a actuar de manera acorde a lo que dicta la ley.<\/strong><\/main><\/p>\n<article class=\"post-entry post-entry-type-page post-entry-1031\">\n<div class=\"entry-content-wrapper clearfix\">\n<div>\n<p><strong>PROJECTING ADVENTURE CYCLISM<\/strong> es una <strong>AGENCIA DE VIAJES<\/strong> espa\u00f1ola con la siguiente direcci\u00f3n:<\/p>\n<p>Paseo de la Castellana 121 4\u00ba A Esc. Drcha.<\/p>\n<p>28046 \u2013 MADRID \u2013 ESPA\u00d1A<\/p>\n<p>CIF: B-85329209<\/p>\n<p>e-mail: <a href=\"mailto:info@pa-cycling.cc\">info@pa-cycling.cc<\/a><\/p>\n<p><strong>Inscrita en el Registro Mercantil de agencias de viaje con el c\u00f3digo N.\u00ba CICMA-2175.<\/strong><\/p>\n<p><strong>\u00a0<\/strong><\/p>\n<p>El usuario que contrate nuestros servicios a trav\u00e9s de esta p\u00e1gina web afirma ser mayor de edad y estar en posesi\u00f3n de la capacidad legal necesaria para comprometerse con dicho acuerdo, haciendo uso de los t\u00e9rminos y condiciones determinados en este apartado. El usuario tambi\u00e9n afirma que comprende y entiende perfectamente todo lo que est\u00e1 aqu\u00ed expuesto.<\/p>\n<p>El usuario se compromete a utilizar de forma adecuada y confidencial las claves facilitadas por PROJECTING ADVENTURE CYCLISM para poder acceder a determinadas partes de su p\u00e1gina web, impidiendo el uso indebido por parte de terceros.<\/p>\n<p>El usuario acepta su responsabilidad sobre las consecuencias econ\u00f3micas derivadas de cualquier uso de esta p\u00e1gina web usando su contrase\u00f1a, ya sea por el mismo o por terceros.<\/p>\n<p>El usuario acepta que la informaci\u00f3n proporcionada por \u00e9l durante el uso de nuestra p\u00e1gina web es verdadera, completa y precisa, y se compromete a avisarnos inmediatamente de cualquier cambio.<\/p>\n<p>El uso de esta p\u00e1gina web implica la aceptaci\u00f3n incondicional por parte del usuario de las Condiciones Generales publicadas por PROJECT ADVENTURE CYCLING, desde el mismo momento que el usuario accede al portal. Aceptar\u00e1 especialmente las condiciones generales legales sobre la limitaci\u00f3n de responsabilidad tanto de PROJECT ADVENTURE CYCLING como de cualquier otro proveedor de servicios tur\u00edsticos o de viajes. Por lo tanto, el usuario deber\u00e1 leer detenidamente las Condiciones Generales cada vez que haga uso de este portal, ya que las mismas podr\u00edan haber sufrido cambios o modificaciones desde la \u00faltima vez que se ha visitado.<\/p>\n<p><strong>USO DE LA WEB<\/strong><\/p>\n<p>Esta p\u00e1gina web es \u00fanica y exclusivamente para uso personal de los usuarios. Se proh\u00edbe terminantemente su modificaci\u00f3n, reproducci\u00f3n, duplicaci\u00f3n, copia, distribuci\u00f3n, venta, reventa y otras formas de ventajas con fines comerciales o sin ellos. El usuario se compromete a no utilizar esta p\u00e1gina web para fines ilegales o prohibidos.<\/p>\n<p>El usuario de la p\u00e1gina web acepta y admite que utilizar\u00e1 este portal para uso particular, y que los productos y servicios ofrecidos en esta web ser\u00e1n para uso y consumo propio, o de las personas en nombre de las cuales est\u00e1 legalmente autorizado a operar. El usuario no revender\u00e1 productos o servicios comprados en esta p\u00e1gina web a otras personas.<\/p>\n<p><strong>LIMITACIONES DE RESPONSABILIDAD<\/strong><\/p>\n<p>Aunque PROJECT ADVENTURE CYCLING trabaja exhaustivamente para desarrollar esta p\u00e1gina web, pueden encontrarse algunos errores e imprecisiones. PROJECT ADVENTURE CYCLING no ofrece garant\u00edas de ning\u00fan tipo sobre el funcionamiento de la p\u00e1gina web, las informaciones contenidas, software, materiales y productos incluidos.<\/p>\n<p>Dentro de la p\u00e1gina web podr\u00e1 encontrar enlaces a otras p\u00e1ginas web, sobre las que PROJECT ADVENTURE CYCLING no tiene control, y de las cuales no se hace responsable.<\/p>\n<p>La presencia de un enlace a otra p\u00e1gina web no implica que PROJECT ADVENTURE CYCLING promueva, avale, garantice o recomiende esas p\u00e1ginas. Los enlaces que incluye PROJECT ADVENTURE CYCLING en su p\u00e1gina web se ofrecen \u00fanicamente como referencia informativa, sin ning\u00fan tipo de evaluaci\u00f3n de los contenidos, propietarios, servicios y productos ofertados por la p\u00e1gina a la que redirige el enlace.<\/p>\n<p>En la medida que lo permita la legislaci\u00f3n aplicable, PROJECT ADVENTURE CYCLING est\u00e1 exenta de cualquier garant\u00eda, incluida entre otras, garant\u00edas impl\u00edcitas de comercializaci\u00f3n y adecuaci\u00f3n para un fin determinado.<\/p>\n<p>PROJECT ADVENTURE CYCLING no ser\u00e1 responsable de los da\u00f1os de cualquier \u00edndole que puedan ser asociados a esta p\u00e1gina web, incluyendo da\u00f1os directos e indirectos.<\/p>\n<p>Aunque PROJECT ADVENTURE CYCLING ha realizado todas las verificaciones posibles, no podemos asumir ninguna responsabilidad por la falta de veracidad, actualizaci\u00f3n y precisi\u00f3n de los datos e informaci\u00f3n de las ofertas, productos y\/o servicios, precios, itinerarios, distancias, caracter\u00edsticas y otros datos e informaciones importantes de los productos y servicios ofrecidos en la p\u00e1gina web de otros proveedores de viajes asociados con PROJECT ADVENTURE CYCLING.<\/p>\n<p>De esta manera PROJECT ADVENTURE CYCLING queda exenta de cualquier responsabilidad derivada de los servicios realizados o inacabados por parte de los proveedores o agencias de viajes asociados con PROJECT ADVENTURE CYCLING.<\/p>\n<p>Si por causas de fuerza mayor no predecibles o imposibles de solucionar por parte de PROJECT ADVENTURE CYCLING, se producen situaciones que impidan el desarrollo de cualquier viaje o servicio contratado por la p\u00e1gina web, o s\u00f3lo se puede realizar una parte del viaje o servicio contratado por la p\u00e1gina web con PROJECT ADVENTURE CYCLING, el cliente renuncia a presentar cualquier tipo de queja hacia la agencia de viajes PROJECT ADVENTURE CYCLING, salvo que se constate la falta de diligencia profesional por parte de PROJECT ADVENTURE CYCLING.<\/p>\n<p>El usuario es el \u00fanico responsable frente a cualquier reclamaci\u00f3n o acci\u00f3n legal, judicial o extrajudicial iniciada por terceros contra PROJECT ADVENTURE CYCLING, basada en el uso que hace el usuario del portal. En este caso el usuario se har\u00e1 cargo de todos los costes y gastos e indemnizaciones efectuados por parte de PROJECT ADVENTURE CYCLING con motivo de tales reclamaciones o acciones legales.<\/p>\n<section>\n<div>\n<div>\n<div>\n<div>\n<div>\n<p><strong>DERECHO DE AUTOR, MARCA REGISTRADA, SOFTWARE<\/strong><\/p>\n<p>Todo el contenido de la p\u00e1gina web www.pa-cycling.cc (incluyendo textos, gr\u00e1ficos, logotipos, iconos, botones, im\u00e1genes, archivos de audio y software) son propiedad de PROJECT ADVENTURE CYCLING o de sus proveedores de contenidos, y est\u00e1n protegidos por la normativa nacional e internacional de la propiedad industrial e intelectual. La elaboraci\u00f3n de la p\u00e1gina web de PROJECT ADVENTURE CYCLING es propiedad exclusiva de PROJECT ADVENTURE CYCLING y est\u00e1 protegida por ley.<\/p>\n<p>Queda absolutamente prohibido cualquier otro uso del contenido de esta p\u00e1gina web, incluida la reproducci\u00f3n, modificaci\u00f3n, distribuci\u00f3n, transmisi\u00f3n, postproducci\u00f3n, exhibici\u00f3n o representaci\u00f3n parcial o total del mismo.<\/p>\n<p><strong>LEGISLACI\u00d3N Y JURIDISCCI\u00d3N APLICABLE<\/strong><\/p>\n<p>Las presentes Condiciones Generales, as\u00ed como cualquier relaci\u00f3n entre el usuario y PROJECT ADVENTURE CYCLING se basar\u00e1 y regular\u00e1 por la legislaci\u00f3n espa\u00f1ola. La falta de respeto a todas o a algunas de las Condiciones Generales dar\u00e1 lugar a la finalizaci\u00f3n de la relaci\u00f3n contractual entre el usuario y PROJECT ADVENTURE CYCLING.<\/p>\n<p>Ambas partes, con renuncia expresa a cualquier otra jurisdicci\u00f3n competente que pudiera corresponder, se someten a la jurisdicci\u00f3n y competencia exclusiva del Tribunal Provincial donde tiene sede social, legal y fiscal PROJECT ADVENTURE CYCLING.<\/p>\n<p>PROJECT ADVENTURE CYCLING se reserva el derecho de realizar cambios en la propia p\u00e1gina web en cualquier momento, as\u00ed como en estas Condiciones Generales.<\/p>\n<\/div>\n<\/div>\n<\/div>\n<\/div>\n<\/div>\n<\/section>\n<\/div>\n<\/div>\n<\/article>\n<\/div><\/section>\n","protected":false},"excerpt":{"rendered":"","protected":false},"author":7,"featured_media":4311,"parent":0,"menu_order":22,"comment_status":"closed","ping_status":"closed","template":"","meta":{"footnotes":""},"class_list":["post-4463","page","type-page","status-publish","has-post-thumbnail","hentry"],"yoast_head":"<!-- This site is optimized with the Yoast SEO Premium plugin v27.2 (Yoast SEO v27.2) - https:\/\/yoast.com\/product\/yoast-seo-premium-wordpress\/ -->\n<title>Terms &amp; Conditions - PA-CYCLING<\/title>\n<meta name=\"robots\" content=\"index, follow, max-snippet:-1, max-image-preview:large, max-video-preview:-1\" \/>\n<link rel=\"canonical\" href=\"https:\/\/pa-cycling.cc\/es\/terms-conditions\/\" \/>\n<meta property=\"og:locale\" content=\"es_ES\" \/>\n<meta property=\"og:type\" content=\"article\" \/>\n<meta property=\"og:title\" content=\"Terms &amp; Conditions\" \/>\n<meta property=\"og:url\" content=\"https:\/\/pa-cycling.cc\/es\/terms-conditions\/\" \/>\n<meta property=\"og:site_name\" content=\"PA-CYCLING\" \/>\n<meta property=\"article:publisher\" content=\"https:\/\/www.facebook.com\/PACycling.cc\" \/>\n<meta property=\"article:modified_time\" content=\"2020-04-20T09:17:49+00:00\" \/>\n<meta property=\"og:image\" content=\"https:\/\/pa-cycling.cc\/wp-content\/uploads\/2020\/03\/NEW_LOGO_PA-CYCLING-SHORT.jpg\" \/>\n\t<meta property=\"og:image:width\" content=\"1561\" \/>\n\t<meta property=\"og:image:height\" content=\"761\" \/>\n\t<meta property=\"og:image:type\" content=\"image\/jpeg\" \/>\n<meta name=\"twitter:card\" content=\"summary_large_image\" \/>\n<meta name=\"twitter:label1\" content=\"Tiempo de lectura\" \/>\n\t<meta name=\"twitter:data1\" content=\"6 minutos\" \/>\n<script type=\"application\/ld+json\" class=\"yoast-schema-graph\">{\"@context\":\"https:\/\/schema.org\",\"@graph\":[{\"@type\":\"WebPage\",\"@id\":\"https:\/\/pa-cycling.cc\/es\/terms-conditions\/\",\"url\":\"https:\/\/pa-cycling.cc\/es\/terms-conditions\/\",\"name\":\"Terms & Conditions - PA-CYCLING\",\"isPartOf\":{\"@id\":\"https:\/\/pa-cycling.cc\/#website\"},\"primaryImageOfPage\":{\"@id\":\"https:\/\/pa-cycling.cc\/es\/terms-conditions\/#primaryimage\"},\"image\":{\"@id\":\"https:\/\/pa-cycling.cc\/es\/terms-conditions\/#primaryimage\"},\"thumbnailUrl\":\"https:\/\/pa-cycling.cc\/wp-content\/uploads\/2020\/03\/NEW_LOGO_PA-CYCLING-SHORT.jpg\",\"datePublished\":\"2018-02-03T16:15:54+00:00\",\"dateModified\":\"2020-04-20T09:17:49+00:00\",\"breadcrumb\":{\"@id\":\"https:\/\/pa-cycling.cc\/es\/terms-conditions\/#breadcrumb\"},\"inLanguage\":\"es\",\"potentialAction\":[{\"@type\":\"ReadAction\",\"target\":[\"https:\/\/pa-cycling.cc\/es\/terms-conditions\/\"]}]},{\"@type\":\"ImageObject\",\"inLanguage\":\"es\",\"@id\":\"https:\/\/pa-cycling.cc\/es\/terms-conditions\/#primaryimage\",\"url\":\"https:\/\/pa-cycling.cc\/wp-content\/uploads\/2020\/03\/NEW_LOGO_PA-CYCLING-SHORT.jpg\",\"contentUrl\":\"https:\/\/pa-cycling.cc\/wp-content\/uploads\/2020\/03\/NEW_LOGO_PA-CYCLING-SHORT.jpg\",\"width\":1561,\"height\":761},{\"@type\":\"BreadcrumbList\",\"@id\":\"https:\/\/pa-cycling.cc\/es\/terms-conditions\/#breadcrumb\",\"itemListElement\":[{\"@type\":\"ListItem\",\"position\":1,\"name\":\"Home\",\"item\":\"https:\/\/pa-cycling.cc\/es\/home\/\"},{\"@type\":\"ListItem\",\"position\":2,\"name\":\"Terms &#038; Conditions\"}]},{\"@type\":\"WebSite\",\"@id\":\"https:\/\/pa-cycling.cc\/#website\",\"url\":\"https:\/\/pa-cycling.cc\/\",\"name\":\"PA-CYCLING\",\"description\":\"Travel with us!\",\"publisher\":{\"@id\":\"https:\/\/pa-cycling.cc\/#organization\"},\"potentialAction\":[{\"@type\":\"SearchAction\",\"target\":{\"@type\":\"EntryPoint\",\"urlTemplate\":\"https:\/\/pa-cycling.cc\/?s={search_term_string}\"},\"query-input\":{\"@type\":\"PropertyValueSpecification\",\"valueRequired\":true,\"valueName\":\"search_term_string\"}}],\"inLanguage\":\"es\"},{\"@type\":\"Organization\",\"@id\":\"https:\/\/pa-cycling.cc\/#organization\",\"name\":\"PA-CYCLING\",\"url\":\"https:\/\/pa-cycling.cc\/\",\"logo\":{\"@type\":\"ImageObject\",\"inLanguage\":\"es\",\"@id\":\"https:\/\/pa-cycling.cc\/#\/schema\/logo\/image\/\",\"url\":\"http:\/\/pa-cycling.cc\/wp-content\/uploads\/2020\/03\/NEW_LOGO_PA-CYCLING-SHORT.jpg\",\"contentUrl\":\"http:\/\/pa-cycling.cc\/wp-content\/uploads\/2020\/03\/NEW_LOGO_PA-CYCLING-SHORT.jpg\",\"width\":1561,\"height\":761,\"caption\":\"PA-CYCLING\"},\"image\":{\"@id\":\"https:\/\/pa-cycling.cc\/#\/schema\/logo\/image\/\"},\"sameAs\":[\"https:\/\/www.facebook.com\/PACycling.cc\",\"https:\/\/www.instagram.com\/pacycling\/\"]}]}<\/script>\n<!-- \/ Yoast SEO Premium plugin. -->","yoast_head_json":{"title":"Terms & Conditions - PA-CYCLING","robots":{"index":"index","follow":"follow","max-snippet":"max-snippet:-1","max-image-preview":"max-image-preview:large","max-video-preview":"max-video-preview:-1"},"canonical":"https:\/\/pa-cycling.cc\/es\/terms-conditions\/","og_locale":"es_ES","og_type":"article","og_title":"Terms & Conditions","og_url":"https:\/\/pa-cycling.cc\/es\/terms-conditions\/","og_site_name":"PA-CYCLING","article_publisher":"https:\/\/www.facebook.com\/PACycling.cc","article_modified_time":"2020-04-20T09:17:49+00:00","og_image":[{"width":1561,"height":761,"url":"https:\/\/pa-cycling.cc\/wp-content\/uploads\/2020\/03\/NEW_LOGO_PA-CYCLING-SHORT.jpg","type":"image\/jpeg"}],"twitter_card":"summary_large_image","twitter_misc":{"Tiempo de lectura":"6 minutos"},"schema":{"@context":"https:\/\/schema.org","@graph":[{"@type":"WebPage","@id":"https:\/\/pa-cycling.cc\/es\/terms-conditions\/","url":"https:\/\/pa-cycling.cc\/es\/terms-conditions\/","name":"Terms & Conditions - PA-CYCLING","isPartOf":{"@id":"https:\/\/pa-cycling.cc\/#website"},"primaryImageOfPage":{"@id":"https:\/\/pa-cycling.cc\/es\/terms-conditions\/#primaryimage"},"image":{"@id":"https:\/\/pa-cycling.cc\/es\/terms-conditions\/#primaryimage"},"thumbnailUrl":"https:\/\/pa-cycling.cc\/wp-content\/uploads\/2020\/03\/NEW_LOGO_PA-CYCLING-SHORT.jpg","datePublished":"2018-02-03T16:15:54+00:00","dateModified":"2020-04-20T09:17:49+00:00","breadcrumb":{"@id":"https:\/\/pa-cycling.cc\/es\/terms-conditions\/#breadcrumb"},"inLanguage":"es","potentialAction":[{"@type":"ReadAction","target":["https:\/\/pa-cycling.cc\/es\/terms-conditions\/"]}]},{"@type":"ImageObject","inLanguage":"es","@id":"https:\/\/pa-cycling.cc\/es\/terms-conditions\/#primaryimage","url":"https:\/\/pa-cycling.cc\/wp-content\/uploads\/2020\/03\/NEW_LOGO_PA-CYCLING-SHORT.jpg","contentUrl":"https:\/\/pa-cycling.cc\/wp-content\/uploads\/2020\/03\/NEW_LOGO_PA-CYCLING-SHORT.jpg","width":1561,"height":761},{"@type":"BreadcrumbList","@id":"https:\/\/pa-cycling.cc\/es\/terms-conditions\/#breadcrumb","itemListElement":[{"@type":"ListItem","position":1,"name":"Home","item":"https:\/\/pa-cycling.cc\/es\/home\/"},{"@type":"ListItem","position":2,"name":"Terms &#038; Conditions"}]},{"@type":"WebSite","@id":"https:\/\/pa-cycling.cc\/#website","url":"https:\/\/pa-cycling.cc\/","name":"PA-CYCLING","description":"Travel with us!","publisher":{"@id":"https:\/\/pa-cycling.cc\/#organization"},"potentialAction":[{"@type":"SearchAction","target":{"@type":"EntryPoint","urlTemplate":"https:\/\/pa-cycling.cc\/?s={search_term_string}"},"query-input":{"@type":"PropertyValueSpecification","valueRequired":true,"valueName":"search_term_string"}}],"inLanguage":"es"},{"@type":"Organization","@id":"https:\/\/pa-cycling.cc\/#organization","name":"PA-CYCLING","url":"https:\/\/pa-cycling.cc\/","logo":{"@type":"ImageObject","inLanguage":"es","@id":"https:\/\/pa-cycling.cc\/#\/schema\/logo\/image\/","url":"http:\/\/pa-cycling.cc\/wp-content\/uploads\/2020\/03\/NEW_LOGO_PA-CYCLING-SHORT.jpg","contentUrl":"http:\/\/pa-cycling.cc\/wp-content\/uploads\/2020\/03\/NEW_LOGO_PA-CYCLING-SHORT.jpg","width":1561,"height":761,"caption":"PA-CYCLING"},"image":{"@id":"https:\/\/pa-cycling.cc\/#\/schema\/logo\/image\/"},"sameAs":["https:\/\/www.facebook.com\/PACycling.cc","https:\/\/www.instagram.com\/pacycling\/"]}]}},"_links":{"self":[{"href":"https:\/\/pa-cycling.cc\/es\/wp-json\/wp\/v2\/pages\/4463","targetHints":{"allow":["GET"]}}],"collection":[{"href":"https:\/\/pa-cycling.cc\/es\/wp-json\/wp\/v2\/pages"}],"about":[{"href":"https:\/\/pa-cycling.cc\/es\/wp-json\/wp\/v2\/types\/page"}],"author":[{"embeddable":true,"href":"https:\/\/pa-cycling.cc\/es\/wp-json\/wp\/v2\/users\/7"}],"replies":[{"embeddable":true,"href":"https:\/\/pa-cycling.cc\/es\/wp-json\/wp\/v2\/comments?post=4463"}],"version-history":[{"count":0,"href":"https:\/\/pa-cycling.cc\/es\/wp-json\/wp\/v2\/pages\/4463\/revisions"}],"wp:featuredmedia":[{"embeddable":true,"href":"https:\/\/pa-cycling.cc\/es\/wp-json\/wp\/v2\/media\/4311"}],"wp:attachment":[{"href":"https:\/\/pa-cycling.cc\/es\/wp-json\/wp\/v2\/media?parent=4463"}],"curies":[{"name":"wp","href":"https:\/\/api.w.org\/{rel}","templated":true}]}}